{"id":100,"date":"2021-03-22T16:55:11","date_gmt":"2021-03-22T16:55:11","guid":{"rendered":"https:\/\/whisperingdoors.com\/store\/?page_id=100"},"modified":"2021-03-23T13:57:33","modified_gmt":"2021-03-23T13:57:33","slug":"cookie-policy","status":"publish","type":"page","link":"https:\/\/whisperingdoors.com\/store\/fr\/cookie-policy\/","title":{"rendered":"Cookies"},"content":{"rendered":"<div class=\"cli_pg_page_contaner\">\n<h3>\u00c0 propos des cookies<\/h3>\n<div>Cette \"Politique des Cookies\" explique ce que sont les cookies et comment nous les utilisons, les types de cookies que nous utilisons, c'est-\u00e0-dire les informations que nous collectons \u00e0 l'aide de cookies et comment ces informations sont utilis\u00e9es, et comment contr\u00f4ler les pr\u00e9f\u00e9rences en mati\u00e8re de cookies. Pour plus d'informations sur la fa\u00e7on dont nous utilisons, stockons et gardons vos donn\u00e9es personnelles en s\u00e9curit\u00e9, consultez notre politique de confidentialit\u00e9.<\/p>\n<p>Vous pouvez \u00e0 tout moment modifier ou retirer votre consentement \u00e0 la d\u00e9claration relative aux cookies sur notre site Web.<br \/>\nEn savoir plus sur qui nous sommes, comment vous pouvez nous contacter et comment nous traitons les donn\u00e9es personnelles dans notre politique de confidentialit\u00e9.<br \/>\nVotre consentement s'applique aux domaine suivant : www.whisperingdoors.com\/store<br \/>\n<div class=\"cli_user_consent_state\">Votre \u00e9tat actuel\u00a0: Aucun consentement donn\u00e9. <a class=\"cli_manage_current_consent\" style=\"cursor:pointer;\">G\u00e9rez votre consentement.<\/a> <\/div><\/p>\n<\/div>\n<h3>Que sont les cookies ?<\/h3>\n<div>Les cookies sont de petits fichiers texte utilis\u00e9s pour stocker de petites informations. Ils sont stock\u00e9s sur votre appareil lorsque le site Web est charg\u00e9 sur votre navigateur. Ces cookies nous aident \u00e0 faire fonctionner correctement le site Web, \u00e0 le rendre plus s\u00e9curis\u00e9, \u00e0 offrir une meilleure exp\u00e9rience utilisateur, \u00e0 comprendre comment le site Web fonctionne et \u00e0 analyser ce qui fonctionne et o\u00f9 il doit \u00eatre am\u00e9lior\u00e9.<\/div>\n<h3>Comment utilisons-nous les cookies ?<\/h3>\n<div>Comme la plupart des services en ligne, notre site Web utilise des cookies propri\u00e9taires et tiers \u00e0 plusieurs fins. Les cookies de premi\u00e8re partie sont principalement n\u00e9cessaires au bon fonctionnement du site Web et ils ne collectent aucune de vos donn\u00e9es personnellement identifiables.<\/p>\n<p>Les cookies tiers utilis\u00e9s sur notre site Web servent principalement \u00e0 comprendre comment le site Web fonctionne, comment vous interagissez avec notre site Web, \u00e0 garder nos services s\u00e9curis\u00e9s, \u00e0 fournir des publicit\u00e9s pertinentes pour vous et, dans l'ensemble, \u00e0 am\u00e9liorer votre exp\u00e9rience utilisateur et \u00e0 rendre vos futures interactions avec notre site Web plus rapides.<\/p>\n<\/div>\n<h3>Quels types de cookies utilisons-nous ?<\/h3>\n<div>Essentiels : certains cookies sont essentiels pour que vous puissiez profiter de toutes les fonctionnalit\u00e9s de notre site. Ils nous permettent de maintenir les sessions utilisateurs et de pr\u00e9venir toute menace de s\u00e9curit\u00e9. Ils ne collectent ni ne stockent aucune information personnelle. Par exemple, ces cookies vous permettent de vous connecter \u00e0 votre compte et d'ajouter des produits \u00e0 votre panier, et de commander en toute s\u00e9curit\u00e9.<\/p>\n<p>Statistiques : ces cookies stockent des informations telles que le nombre de visiteurs sur le site Web, le nombre de visiteurs uniques, les pages du site Web visit\u00e9es, la source de la visite, etc. Ces donn\u00e9es nous aident \u00e0 comprendre et \u00e0 analyser les performances du site Web. et l\u00e0 o\u00f9 elle doit \u00eatre am\u00e9lior\u00e9e.<\/p>\n<p>Marketing : notre site Web affiche des publicit\u00e9s. Ces cookies sont utilis\u00e9s pour personnaliser les publicit\u00e9s qui vous sont propos\u00e9es et v\u00e9rifier leur efficacit\u00e9.<br \/>\nLes informations stock\u00e9es dans ces cookies peuvent \u00e9galement \u00eatre utilis\u00e9es par les fournisseurs de publicit\u00e9 tiers afin de promouvoir d'autres sites Web.<\/p>\n<p>Fonctionnels : ce sont les cookies qui g\u00e8rent certaines fonctionnalit\u00e9s non essentielles de notre site Web. Ces fonctionnalit\u00e9s incluent l'int\u00e9gration de contenu tel que des vid\u00e9os ou le partage de contenu du site Web sur des plateformes de m\u00e9dias sociaux.<\/p>\n<p>Pr\u00e9f\u00e9rences : ces cookies nous permettent de stocker vos param\u00e8tres et vos pr\u00e9f\u00e9rences de navigation, comme les pr\u00e9f\u00e9rences linguistiques, afin que vous ayez une exp\u00e9rience meilleure et efficace lors de vos futures visites sur le site Web.<br \/>\n<p>The below list details the cookies used in our website.<\/p><table class=\"cookielawinfo-row-cat-table cookielawinfo-classic\"><thead><tr><th class=\"cookielawinfo-column-1\">Cookie<\/th><th class=\"cookielawinfo-column-4\">Description<\/th><\/tr><\/thead><tbody><tr class=\"cookielawinfo-row\"><td class=\"cookielawinfo-column-1\">__stripe_mid<\/td><td class=\"cookielawinfo-column-4\">Ce cookie est d\u00e9fini par la passerelle de paiement Stripe. Ce cookie est utilis\u00e9 pour permettre le paiement sur le site Web sans stocker aucune information de paiement sur un serveur.<\/td><\/tr><tr class=\"cookielawinfo-row\"><td class=\"cookielawinfo-column-1\">__stripe_sid<\/td><td class=\"cookielawinfo-column-4\">Ce cookie est d\u00e9fini par la passerelle de paiement Stripe. Ce cookie est utilis\u00e9 pour permettre le paiement sur le site Web sans stocker aucune information de paiement sur un serveur.<\/td><\/tr><tr class=\"cookielawinfo-row\"><td class=\"cookielawinfo-column-1\">cookielawinfo-checbox-analytics<\/td><td class=\"cookielawinfo-column-4\">Ce cookie est d\u00e9fini par le plugin GDPR Cookie Consent. Le cookie est utilis\u00e9 pour stocker le consentement de l'utilisateur pour les cookies dans la cat\u00e9gorie \"Analytics\".<\/td><\/tr><tr class=\"cookielawinfo-row\"><td class=\"cookielawinfo-column-1\">cookielawinfo-checbox-functional<\/td><td class=\"cookielawinfo-column-4\">Le cookie est d\u00e9fini par le consentement du cookie GDPR pour enregistrer le consentement de l'utilisateur pour les cookies dans la cat\u00e9gorie \u00abFonctionnel\u00bb.<\/td><\/tr><tr class=\"cookielawinfo-row\"><td class=\"cookielawinfo-column-1\">cookielawinfo-checbox-others<\/td><td class=\"cookielawinfo-column-4\">Ce cookie est d\u00e9fini par le plugin GDPR Cookie Consent. Le cookie est utilis\u00e9 pour stocker le consentement de l'utilisateur pour les cookies dans la cat\u00e9gorie \u00abAutre\u00bb.<\/td><\/tr><tr class=\"cookielawinfo-row\"><td class=\"cookielawinfo-column-1\">cookielawinfo-checkbox-advertisement<\/td><td class=\"cookielawinfo-column-4\">Le cookie est d\u00e9fini par le consentement du cookie GDPR pour enregistrer le consentement de l'utilisateur pour les cookies dans la cat\u00e9gorie \u00abPublicit\u00e9\u00bb.<\/td><\/tr><tr class=\"cookielawinfo-row\"><td class=\"cookielawinfo-column-1\">cookielawinfo-checkbox-necessary<\/td><td class=\"cookielawinfo-column-4\">Ce cookie est d\u00e9fini par le plugin GDPR Cookie Consent. Les cookies sont utilis\u00e9s pour stocker le consentement de l'utilisateur pour les cookies dans la cat\u00e9gorie \u00abN\u00e9cessaire\u00bb.<\/td><\/tr><tr class=\"cookielawinfo-row\"><td class=\"cookielawinfo-column-1\">cookielawinfo-checkbox-performance<\/td><td class=\"cookielawinfo-column-4\">Ce cookie est d\u00e9fini par le plugin GDPR Cookie Consent. Le cookie est utilis\u00e9 pour stocker le consentement de l'utilisateur pour les cookies dans la cat\u00e9gorie \u00abPerformance\u00bb.<\/td><\/tr><tr class=\"cookielawinfo-row\"><td class=\"cookielawinfo-column-1\">m<\/td><td class=\"cookielawinfo-column-4\">sans description<\/td><\/tr><tr class=\"cookielawinfo-row\"><td class=\"cookielawinfo-column-1\">NID<\/td><td class=\"cookielawinfo-column-4\">Ce cookie est utilis\u00e9 pour un profil bas\u00e9 sur l'int\u00e9r\u00eat de l'utilisateur et affiche des publicit\u00e9s personnalis\u00e9es aux utilisateurs.<\/td><\/tr><tr class=\"cookielawinfo-row\"><td class=\"cookielawinfo-column-1\">tk_ai<\/td><td class=\"cookielawinfo-column-4\">Rassemble des informations pour WordPress par eux-m\u00eames, un outil d'analyse de premi\u00e8re partie sur la fa\u00e7on dont les services WP sont utilis\u00e9s. Un ensemble de mesures internes pour l'activit\u00e9 des utilisateurs, utilis\u00e9es pour am\u00e9liorer l'exp\u00e9rience utilisateur.<\/td><\/tr><tr class=\"cookielawinfo-row\"><td class=\"cookielawinfo-column-1\">tk_lr<\/td><td class=\"cookielawinfo-column-4\">Ce cookie est d\u00e9fini par le plugin JetPack sur les sites utilisant WooCommerce. Il s'agit d'un cookie de r\u00e9f\u00e9rence utilis\u00e9 pour analyser le comportement du r\u00e9f\u00e9rent pour Jetpack<\/td><\/tr><tr class=\"cookielawinfo-row\"><td class=\"cookielawinfo-column-1\">tk_or<\/td><td class=\"cookielawinfo-column-4\">Ce cookie est d\u00e9fini par le plugin JetPack sur les sites utilisant WooCommerce. Il s'agit d'un cookie de r\u00e9f\u00e9rence utilis\u00e9 pour analyser le comportement du r\u00e9f\u00e9rent pour Jetpack<\/td><\/tr><tr class=\"cookielawinfo-row\"><td class=\"cookielawinfo-column-1\">tk_qs<\/td><td class=\"cookielawinfo-column-4\">Rassemble des informations pour WordPress par eux-m\u00eames, un outil d'analyse de premi\u00e8re partie sur la fa\u00e7on dont les services WP sont utilis\u00e9s. Un ensemble de mesures internes pour l'activit\u00e9 des utilisateurs, utilis\u00e9es pour am\u00e9liorer l'exp\u00e9rience utilisateur.<\/td><\/tr><tr class=\"cookielawinfo-row\"><td class=\"cookielawinfo-column-1\">tk_r3d<\/td><td class=\"cookielawinfo-column-4\">Le cookie est install\u00e9 par JetPack. Utilis\u00e9 pour les mesures internes des activit\u00e9s des utilisateurs afin d'am\u00e9liorer l'exp\u00e9rience utilisateur<\/td><\/tr><tr class=\"cookielawinfo-row\"><td class=\"cookielawinfo-column-1\">viewed_cookie_policy<\/td><td class=\"cookielawinfo-column-4\">Le cookie est d\u00e9fini par le plugin GDPR Cookie Consent et est utilis\u00e9 pour stocker si l'utilisateur a consenti ou non \u00e0 l'utilisation de cookies. Il ne stocke aucune donn\u00e9e personnelle.<\/td><\/tr><tr class=\"cookielawinfo-row\"><td class=\"cookielawinfo-column-1\">wp_woocommerce_session_e5a56ffb5e917fd2a3cd608891274596<\/td><td class=\"cookielawinfo-column-4\">sans description<\/td><\/tr><\/tbody><\/table><\/p>\n<\/div>\n<h3>Comment puis-je contr\u00f4ler les pr\u00e9f\u00e9rences des cookies ?<\/h3>\n<div>Si vous d\u00e9cidez de modifier vos pr\u00e9f\u00e9rences ult\u00e9rieurement au cours de votre session de navigation, vous pouvez cliquer sur l'onglet \u00abPolitique de confidentialit\u00e9 et de cookies\u00bb sur votre \u00e9cran. Cela affichera \u00e0 nouveau l'avis de consentement vous permettant de modifier vos pr\u00e9f\u00e9rences ou de retirer votre consentement enti\u00e8rement.<\/p>\n<p>En plus de cela, diff\u00e9rents navigateurs proposent diff\u00e9rentes m\u00e9thodes pour bloquer et supprimer les cookies utilis\u00e9s par les sites Web. Vous pouvez modifier les param\u00e8tres de votre navigateur pour bloquer \/ supprimer les cookies. Pour en savoir plus sur la gestion et la suppression des cookies, visitez wikipedia.org, www.allaboutcookies.org.<\/p>\n<\/div>\n<\/div>","protected":false},"excerpt":{"rendered":"<p>About this cookie policy This Cookie Policy explains what cookies are and how we use them, the types of cookies we use i.e, the information we collect using cookies and how that information is used, and how to control the cookie preferences. For further information on how we use, store, and keep your personal data &hellip;<\/p>\n<p class=\"read-more\"> <a class=\"\" href=\"https:\/\/whisperingdoors.com\/store\/fr\/cookie-policy\/\"> <span class=\"screen-reader-text\">Cookies<\/span> Lire la suite\u00a0\u00bb<\/a><\/p>","protected":false},"author":1,"featured_media":0,"parent":0,"menu_order":0,"comment_status":"closed","ping_status":"closed","template":"","meta":[],"_links":{"self":[{"href":"https:\/\/whisperingdoors.com\/store\/fr\/wp-json\/wp\/v2\/pages\/100"}],"collection":[{"href":"https:\/\/whisperingdoors.com\/store\/fr\/wp-json\/wp\/v2\/pages"}],"about":[{"href":"https:\/\/whisperingdoors.com\/store\/fr\/wp-json\/wp\/v2\/types\/page"}],"author":[{"embeddable":true,"href":"https:\/\/whisperingdoors.com\/store\/fr\/wp-json\/wp\/v2\/users\/1"}],"replies":[{"embeddable":true,"href":"https:\/\/whisperingdoors.com\/store\/fr\/wp-json\/wp\/v2\/comments?post=100"}],"version-history":[{"count":3,"href":"https:\/\/whisperingdoors.com\/store\/fr\/wp-json\/wp\/v2\/pages\/100\/revisions"}],"predecessor-version":[{"id":123,"href":"https:\/\/whisperingdoors.com\/store\/fr\/wp-json\/wp\/v2\/pages\/100\/revisions\/123"}],"wp:attachment":[{"href":"https:\/\/whisperingdoors.com\/store\/fr\/wp-json\/wp\/v2\/media?parent=100"}],"curies":[{"name":"wp","href":"https:\/\/api.w.org\/{rel}","templated":true}]}}