{"id":104,"date":"2021-03-23T14:57:11","date_gmt":"2021-03-23T14:57:11","guid":{"rendered":"https:\/\/whisperingdoors.com\/store\/?page_id=104"},"modified":"2021-03-30T15:54:10","modified_gmt":"2021-03-30T15:54:10","slug":"privacy-policy","status":"publish","type":"page","link":"https:\/\/whisperingdoors.com\/store\/fr\/privacy-policy\/","title":{"rendered":"Politique de confidentialit\u00e9"},"content":{"rendered":"<p><\/p>\n\n\n\n<p>Mise \u00e0 Jour : 30 Mars 2021<\/p>\n\n\n\n<h2>Qui sommes-nous ?<\/h2>\n\n\n\n<p>Ce site est la propri\u00e9t\u00e9 de Brigitte Verguet et \u00e9dit\u00e9 par Thomas Verguet. Veuillez consulter <a href=\"https:\/\/whisperingdoors.com\/store\/fr\/legal-notice\/\">https:\/\/whisperingdoors.com\/store\/fr\/legal-notice\/<\/a> pour plus d'informations. <\/p>\n\n\n\n<p>Cette politique de confidentialit\u00e9 d\u00e9finit comment nous utilisons et prot\u00e8geons les informations que vous nous envoyez lorsque vous utilisez le site Web<\/p>\n\n\n\n<p>Cette politique de confidentialit\u00e9 est susceptible d\u2019\u00eatre modifi\u00e9e ou compl\u00e9t\u00e9e \u00e0 tout moment. Ces modifications engagent l\u2019utilisateur d\u00e8s leur mise en ligne. Il convient donc que l\u2019utilisateur consulte r\u00e9guli\u00e8rement la pr\u00e9sente politique de confidentialit\u00e9 et d\u2019utilisation des cookies afin de prendre connaissance de ses \u00e9ventuelles modifications.<\/p>\n\n\n\n<h2>Quelles donn\u00e9es personnelles nous collectons ou pourquoi nous les collectons ?<\/h2>\n\n\n\n<h3>Commentaires<\/h3>\n\n\n\n<p>Lorsque les visiteurs laissent des commentaires sur le site, nous collectons les donn\u00e9es indiqu\u00e9es dans le formulaire de commentaires, ainsi que l\u2019adresse IP du visiteur et la cha\u00eene de l\u2019agent utilisateur du navigateur, afin de faciliter la d\u00e9tection de spam.<\/p>\n\n\n\n<p>Une cha\u00eene anonymis\u00e9e cr\u00e9\u00e9e \u00e0 partir de votre adresse e-mail (\u00e9galement appel\u00e9e hachage) peut \u00eatre fournie au service Gravatar pour voir si vous l\u2019utilisez. La politique de confidentialit\u00e9 du service Gravatar est disponible ici : https:\/\/automattic.com\/privacy\/. Apr\u00e8s approbation de votre commentaire, la photo de votre profil est visible par le public dans le contexte de votre commentaire.<\/p>\n\n\n\n<h3>Commandes<\/h3>\n\n\n\n<p>Lorsque vous passez une commande, nous collectons vos informations personnelles (nom, adresse, t\u00e9l\u00e9phone, email) afin de pouvoir traiter correctement votre commande (commande, facturation, suivi et livraison).<\/p>\n\n\n\n<h3>Cookies<\/h3>\n\n\n\n<p>Si vous laissez un commentaire sur notre site, vous pouvez choisir d\u2019enregistrer votre nom, votre adresse email et votre site web dans des cookies. Ceci afin de vous \u00e9viter de devoir \u00e0 nouveau saisir vos coordonn\u00e9es lorsque vous laisserez un autre commentaire.<\/p>\n\n\n\n<p>Si vous avez un compte et que vous vous connectez \u00e0 ce site, nous allons d\u00e9finir un cookie temporaire pour d\u00e9terminer si votre navigateur accepte les cookies. Ce cookie ne contient aucune donn\u00e9e personnelle et est supprim\u00e9 lorsque vous fermez votre navigateur.<\/p>\n\n\n\n<p>Lorsque vous vous connectez, nous allons \u00e9galement configurer plusieurs cookies pour enregistrer vos informations de connexion et vos choix d\u2019affichage \u00e0 l\u2019\u00e9cran. Les cookies de connexion durent deux jours et les cookies d\u2019\u00e9cran, un an. Si vous s\u00e9lectionnez \u00ab Remember Me \u00bb, votre connexion sera conserv\u00e9e pendant deux semaines. Si vous vous d\u00e9connectez de votre compte, les cookies de connexion seront supprim\u00e9s.<\/p>\n\n\n\n<p>Si vous \u00e9ditez ou publiez un article, un cookie suppl\u00e9mentaire sera enregistr\u00e9 dans votre navigateur. Ce cookie ne contient aucune donn\u00e9e personnelle et indique simplement l\u2019identifiant de l\u2019article que vous venez de modifier. Il expire apr\u00e8s 1 jour.<\/p>\n\n\n\n<p>Pour des informations compl\u00e8tes sur les cookies, veuillez consulter la Politique des Cookies. <\/p>\n\n\n\n<h3>Analytique<\/h3>\n\n\n\n<p>Nous pouvons collecter des informations nous permettant d'am\u00e9liorer notre site internet, nos produits et nos services, notamment au moyen de cookies et de l'outil de mesure statistique Google Analytics.<\/p>\n\n\n\n<h2>Avec qui partageons-nous vos donn\u00e9es ?<\/h2>\n\n\n\n<p>A l'exception de l'inscription \u00e0 la Newsletter (qui est g\u00e9r\u00e9e par SendinBlue et requiert l'acceptation sp\u00e9cifique de la politique de confidentialit\u00e9 de SendinBlue), toutes les informations personnelles fournies sur ce site ne sont jamais transmises \u00e0 des tiers. En aucun cas, nous ne proc\u00e9dons \u00e0 la commercialisation des donn\u00e9es personnelles des visiteurs et utilisateurs de ce site.<\/p>\n\n\n\n<p>Plugin install\u00e9 sur ce site : TranslatePress (plugin de traduction), Woocommerce, Site Gateway (paiement par carte), Paypal (paiement Paypal).<\/p>\n\n\n\n<h2>Combien de temps conservons-nous vos donn\u00e9es ?<\/h2>\n\n\n\n<p>Si vous laissez un commentaire, le commentaire et ses m\u00e9tadonn\u00e9es sont conserv\u00e9s ind\u00e9finiment. Cela nous permet de reconna\u00eetre et d\u2019approuver automatiquement tous les commentaires de suivi au lieu de les conserver dans une file d\u2019attente de mod\u00e9ration.<\/p>\n\n\n\n<p>Pour les utilisateurs qui s\u2019inscrivent sur notre site Web (le cas \u00e9ch\u00e9ant), nous stockons \u00e9galement les informations personnelles qu\u2019ils fournissent dans leur profil d\u2019utilisateur. Tous les utilisateurs peuvent voir, \u00e9diter ou supprimer leurs informations personnelles \u00e0 tout moment (il est seulement impossible de changer le nom d'utilisateur). Les administrateurs de site Web peuvent \u00e9galement voir et \u00e9diter ces informations.<\/p>\n\n\n\n<p>Notre boutique en ligne repose sur le plugin de WordPress : WooCommerce. Ce plugin int\u00e8gre la gestion de nos comptes utilisateurs sur notre site Internet. Voici nos r\u00e9glages actuels concernant la conservation des donn\u00e9es personnelles pour ce plugin : <br>\u2013 Conservation des comptes inactifs : 36 mois<br>\u2013 Conservation des commandes en attente : 15 jours <br>\u2013 Conservation des commandes \u00e9chou\u00e9es : 1 jour <br>\u2013 Conservation des commandes annul\u00e9es : 1 jour <br>\u2013 Conservation des commandes termin\u00e9es : 12 mois <br>\u2013 Conservation des donn\u00e9es Stripe (informations bancaires) : 12 mois<\/p>\n\n\n\n<h2>Quels droits vous avez sur vos donn\u00e9es ?<\/h2>\n\n\n\n<p>Si vous avez un compte sur ce site, ou si vous avez laiss\u00e9 des commentaires, vous pouvez demander \u00e0 recevoir un fichier export\u00e9 des donn\u00e9es personnelles que nous d\u00e9tenons \u00e0 votre sujet, y compris les donn\u00e9es que vous nous avez fournies. Vous pouvez \u00e9galement demander que nous effacions toutes les donn\u00e9es personnelles que nous d\u00e9tenons \u00e0 votre sujet. Cela n\u2019inclut pas les donn\u00e9es que nous sommes oblig\u00e9s de conserver \u00e0 des fins administratives, juridiques ou de s\u00e9curit\u00e9.<\/p>\n\n\n\n<h2>O\u00f9 envoyons-nous vos donn\u00e9es ?<\/h2>\n\n\n\n<p>Les commentaires des visiteurs peuvent \u00eatre v\u00e9rifi\u00e9s via un service automatis\u00e9 de d\u00e9tection de spam.<\/p>\n\n\n\n<p>Plugin install\u00e9 sur ce site : TranslatePress (plugin de traduction), Woocommerce, Site Gateway (paiement par carte), Paypal (paiement Paypal). Les donn\u00e9es de la newsletter sont \u00e9galement transmises \u00e0 SendinBlue. Pour vous abonner, vous devez accepter la politique de SendinBlue. <\/p>\n\n\n\n<h2>Contact<\/h2>\n\n\n\n<p>Pour toute question concernant vos donn\u00e9es personnelles ou cette politique de confidentialit\u00e9, veuillez nous contacter \u00e0 contact@whisperindoors.com<\/p>\n\n\n\n<h2>Informations compl\u00e9mentaires<\/h2>\n\n\n\n<h3>Comment prot\u00e9geons-nous vos donn\u00e9es?<\/h3>\n\n\n\n<p>Les renseignements personnels que nous recueillons sont conserv\u00e9s dans un environnement s\u00e9curis\u00e9 et les personnes travaillant pour nous sont tenues de respecter la confidentialit\u00e9 de vos informations.\nPour assurer la s\u00e9curit\u00e9 de vos renseignements personnels, nous utilisons les mesures suivantes :<br>SSL \/ HTTPS protocol <br>Gestion des acc\u00e8s - Personne autoris\u00e9e <br>Sauvegarde base de donn\u00e9es \/ serveur <br>Mot de passe<br>Cloison pare-feu<\/p>\n\n\n\n<h3>Quelles sont les proc\u00e9dures que nous avons mises en place en cas de br\u00e8che de donn\u00e9es?<\/h3>\n\n\n\n<p>Si une violation de donn\u00e9es s'est produite sur le site, nous en informerons imm\u00e9diatement l'utilisateur.<\/p>\n\n\n\n<h3>Plainte aupr\u00e8s de l\u2019autorit\u00e9 comp\u00e9tente<\/h3>\n\n\n\n<p>Si vous estimez que ce site ne respecte pas ses obligations au regard de vos informations personnelles, vous pouvez adresser une r\u00e9clamation ou une demande \u00e0 l'autorit\u00e9 comp\u00e9tente. En France, l'autorit\u00e9 comp\u00e9tente est la CNIL \u00e0 laquelle vous pouvez adresser une demande par voie \u00e9lectronique en suivant le lien suivant : https:\/\/www.cnil.fr\/fr\/plaintes\/internet.<\/p>","protected":false},"excerpt":{"rendered":"<p>Updated: March 30, 2021 Who we are This website is owned by Brigitte Verguet and Edited by Thomas Verguet. Please consult https:\/\/whisperingdoors.com\/store\/legal-notice\/ for more information. This privacy policy defines how we use and protects the information you send us when you use the website https:\/\/whisperingdoors.com\/ This privacy policy may be modified or supplemented at any &hellip;<\/p>\n<p class=\"read-more\"> <a class=\"\" href=\"https:\/\/whisperingdoors.com\/store\/fr\/privacy-policy\/\"> <span class=\"screen-reader-text\">Politique de confidentialit\u00e9<\/span> Lire la suite\u00a0\u00bb<\/a><\/p>","protected":false},"author":1,"featured_media":0,"parent":0,"menu_order":0,"comment_status":"closed","ping_status":"closed","template":"","meta":[],"_links":{"self":[{"href":"https:\/\/whisperingdoors.com\/store\/fr\/wp-json\/wp\/v2\/pages\/104"}],"collection":[{"href":"https:\/\/whisperingdoors.com\/store\/fr\/wp-json\/wp\/v2\/pages"}],"about":[{"href":"https:\/\/whisperingdoors.com\/store\/fr\/wp-json\/wp\/v2\/types\/page"}],"author":[{"embeddable":true,"href":"https:\/\/whisperingdoors.com\/store\/fr\/wp-json\/wp\/v2\/users\/1"}],"replies":[{"embeddable":true,"href":"https:\/\/whisperingdoors.com\/store\/fr\/wp-json\/wp\/v2\/comments?post=104"}],"version-history":[{"count":7,"href":"https:\/\/whisperingdoors.com\/store\/fr\/wp-json\/wp\/v2\/pages\/104\/revisions"}],"predecessor-version":[{"id":124,"href":"https:\/\/whisperingdoors.com\/store\/fr\/wp-json\/wp\/v2\/pages\/104\/revisions\/124"}],"wp:attachment":[{"href":"https:\/\/whisperingdoors.com\/store\/fr\/wp-json\/wp\/v2\/media?parent=104"}],"curies":[{"name":"wp","href":"https:\/\/api.w.org\/{rel}","templated":true}]}}