{"id":80,"date":"2021-03-18T15:57:09","date_gmt":"2021-03-18T15:57:09","guid":{"rendered":"https:\/\/whisperingdoors.com\/store\/?page_id=80"},"modified":"2021-05-25T07:09:30","modified_gmt":"2021-05-25T07:09:30","slug":"legal-notice","status":"publish","type":"page","link":"https:\/\/whisperingdoors.com\/store\/fr\/legal-notice\/","title":{"rendered":"Mentions L\u00e9gales"},"content":{"rendered":"<h2>Identit\u00e9<\/h2>\n\n\n\n<p>Nom du site web : <a href=\"https:\/\/whisperingdoors.com\/store\/fr\/\" data-type=\"URL\">https:\/\/whisperingdoors.com\/<\/a><br>Adresse :  <a href=\"https:\/\/whisperingdoors.com\/store\/fr\/\" data-type=\"URL\" data-id=\"https:\/\/whisperingdoors.com\/\">https:\/\/whisperingdoors.com\/<\/a><br>Propri\u00e9taire : Brigitte Verguet (N\u00b0 SIRET : 89271213400014), Saint Canadet, 13610 Le Puy ste Reparade &#8211; +33 (0)6 51 26 82 98 &#8211; elaine.dahl(arobase)whisperingdoors.com<br>Responsable de publication : Thomas Verguet | <a href=\"\/store\/fr\/tverguet@yahoo.fr\/\" data-type=\"URL\" data-id=\"tverguet@yahoo.fr\">Contacter\u2026<\/a><\/p>\n\n\n\n<p>Conception et r\u00e9alisation : Thomas Verguet<br>Animation : Thomas Verguet<br>H\u00e9bergement : OVH, SAS au capital de 10 069 020 \u20ac, RCS Lille M\u00e9tropole 424 761 419 00045 dont le si\u00e8ge social est le 2 rue Kellermann \u2013 59100 Roubaix \u2013 France.<\/p>\n\n\n\n<h2>Conditions d\u2019utilisation<\/h2>\n\n\n\n<p>L\u2019utilisation du pr\u00e9sent site implique l\u2019acceptation pleine et enti\u00e8re des conditions g\u00e9n\u00e9rales d\u2019utilisation d\u00e9crites ci-apr\u00e8s. Ces conditions d\u2019utilisation sont susceptibles d\u2019\u00eatre modifi\u00e9es ou compl\u00e9t\u00e9es \u00e0 tout moment.<\/p>\n\n\n\n<h2>Informations<\/h2>\n\n\n\n<p>Les informations et documents du site sont pr\u00e9sent\u00e9s \u00e0 titre indicatif, ne rev\u00eatent pas un caract\u00e8re exhaustif, et ne peuvent engager la responsabilit\u00e9 du propri\u00e9taire du site.<\/p>\n\n\n\n<p>Le propri\u00e9taire du site ne peut \u00eatre tenu responsable des dommages directs et indirects cons\u00e9cutifs \u00e0 l\u2019acc\u00e8s au site.<\/p>\n\n\n\n<h2>Interactivit\u00e9<\/h2>\n\n\n\n<p>Les utilisateurs du site peuvent \u00e9ventuellement y d\u00e9poser du contenu, apparaissant sur le site dans des espaces d\u00e9di\u00e9s (notamment via les commentaires). Le contenu d\u00e9pos\u00e9 reste sous la responsabilit\u00e9 de leurs auteurs, qui en assument pleinement l\u2019enti\u00e8re responsabilit\u00e9 juridique.<\/p>\n\n\n\n<p>Le propri\u00e9taire du site se r\u00e9serve le droit de retirer sans pr\u00e9avis et sans justification tout contenu d\u00e9pos\u00e9 par les utilisateurs qui ne satisferait pas \u00e0 la charte d\u00e9ontologique du site ou \u00e0 la l\u00e9gislation en vigueur.<\/p>\n\n\n\n<h2>Propri\u00e9t\u00e9 intellectuelle<\/h2>\n\n\n\n<p>Sauf mention contraire, tous les \u00e9l\u00e9ments accessibles sur le site (textes, images, graphismes, logo, ic\u00f4nes, sons, logiciels, etc.) restent la propri\u00e9t\u00e9 exclusive de leurs auteurs, en ce qui concerne les droits de propri\u00e9t\u00e9 intellectuelle ou les droits d\u2019usage. <sup><a href=\"https:\/\/www.webexpress.fr\/actualite\/focus\/modele-de-mentions-legales-complet-et-gratuit\/#fn-7013-1\">1<\/a><\/sup><\/p>\n\n\n\n<p>Toute reproduction, repr\u00e9sentation, modification, publication, adaptation de tout ou partie des \u00e9l\u00e9ments du site, quel que soit le moyen ou le proc\u00e9d\u00e9 utilis\u00e9, est interdite, sauf autorisation \u00e9crite pr\u00e9alable de l\u2019auteur.<sup><a href=\"https:\/\/www.webexpress.fr\/actualite\/focus\/modele-de-mentions-legales-complet-et-gratuit\/#fn-7013-2\">2<\/a><\/sup><sup><a href=\"https:\/\/www.webexpress.fr\/actualite\/focus\/modele-de-mentions-legales-complet-et-gratuit\/#fn-7013-3\">3<\/a><\/sup><\/p>\n\n\n\n<p>Toute exploitation non autoris\u00e9e du site ou de l\u2019un quelconque des \u00e9l\u00e9ments qu\u2019il contient est consid\u00e9r\u00e9e comme constitutive d\u2019une contrefa\u00e7on et peut \u00eatre poursuivie en justice. <sup><a href=\"https:\/\/www.webexpress.fr\/actualite\/focus\/modele-de-mentions-legales-complet-et-gratuit\/#fn-7013-9\">4<\/a><\/sup><\/p>\n\n\n\n<p>Les marques et logos reproduits sur le site sont d\u00e9pos\u00e9s par les soci\u00e9t\u00e9s qui en sont propri\u00e9taires.<\/p>\n\n\n\n<h2>Liens<\/h2>\n\n\n\n<p><strong>Liens sortants<\/strong><br>Le propri\u00e9taire du site d\u00e9cline toute responsabilit\u00e9 et n\u2019est pas engag\u00e9 par le r\u00e9f\u00e9rencement via des liens hypertextes, de ressources tierces pr\u00e9sentes sur le r\u00e9seau Internet, tant en ce qui concerne leur contenu que leur pertinence.<\/p>\n\n\n\n<p><strong>Liens entrants<\/strong><br>Le propri\u00e9taire du site autorise les liens hypertextes vers l\u2019une des pages de ce site, \u00e0 condition que ceux-ci ouvrent une nouvelle fen\u00eatre et soient pr\u00e9sent\u00e9s de mani\u00e8re non \u00e9quivoque afin d\u2019\u00e9viter :<\/p>\n\n\n\n<ul><li>tout risque de confusion entre le site citant et le propri\u00e9taire du site<\/li><li>ainsi que toute pr\u00e9sentation tendancieuse, ou contraire aux lois en vigueur.<\/li><\/ul>\n\n\n\n<p>Le propri\u00e9taire du site se r\u00e9serve le droit de demander la suppression d\u2019un lien s\u2019il estime que le site source ne respecte pas les r\u00e8gles ainsi d\u00e9finies.<\/p>\n\n\n\n<h2>Confidentialit\u00e9<\/h2>\n\n\n\n<p>Tout utilisateur dispose d\u2019un droit d\u2019acc\u00e8s, de rectification et d\u2019opposition aux donn\u00e9es personnelles le concernant, en effectuant sa demande \u00e9crite et sign\u00e9e, accompagn\u00e9e d\u2019une preuve d\u2019identit\u00e9. <sup><a href=\"https:\/\/www.webexpress.fr\/actualite\/focus\/modele-de-mentions-legales-complet-et-gratuit\/#fn-7013-5\">5<\/a><\/sup> <sup><a href=\"https:\/\/www.webexpress.fr\/actualite\/focus\/modele-de-mentions-legales-complet-et-gratuit\/#fn-7013-7\">6<\/a><\/sup> <sup><a href=\"https:\/\/www.webexpress.fr\/actualite\/focus\/modele-de-mentions-legales-complet-et-gratuit\/#fn-7013-8\">7<\/a><\/sup> <sup><a href=\"https:\/\/www.webexpress.fr\/actualite\/focus\/modele-de-mentions-legales-complet-et-gratuit\/#fn-7013-6\">8<\/a><\/sup><\/p>\n\n\n\n<p>Le site ne recueille pas d\u2019informations personnelles, et n\u2019est pas assujetti \u00e0 d\u00e9claration \u00e0 la CNIL. <sup><a href=\"https:\/\/www.webexpress.fr\/actualite\/focus\/modele-de-mentions-legales-complet-et-gratuit\/#fn-7013-4\">9<\/a><\/sup><\/p>\n\n\n\n<h2>Cr\u00e9dits<\/h2>\n\n\n\n<p><em><a href=\"http:\/\/webexpress.fr\">Mentions l\u00e9gales fournies par WebExpress \u2013 Version 1.5<\/a> \u2013 Utilisation libre sous <a href=\"http:\/\/creativecommons.org\/licenses\/by-nc-nd\/3.0\/fr\/\">Licence Creative Commons CC BY-NC-ND 3.0 FR \/ creativecommons.org<\/a>.<\/em><\/p>\n\n\n\n<ol><li>Articles L111-1 et suivants du Code de la Propri\u00e9t\u00e9 Intellectuelle du 1er juillet 1992&nbsp;<a href=\"https:\/\/www.webexpress.fr\/actualite\/focus\/modele-de-mentions-legales-complet-et-gratuit\/#fnref-7013-1\"><\/a><\/li><li>Article 41 de la loi du 11 mars 1957&nbsp;<a href=\"https:\/\/www.webexpress.fr\/actualite\/focus\/modele-de-mentions-legales-complet-et-gratuit\/#fnref-7013-2\"><\/a><\/li><li>Article L. 226-13 du Code p\u00e9nal et la Directive Europ\u00e9enne du 24 octobre 1995&nbsp;<a href=\"https:\/\/www.webexpress.fr\/actualite\/focus\/modele-de-mentions-legales-complet-et-gratuit\/#fnref-7013-3\"><\/a><\/li><li>Articles L.335-2 et suivants du Code de Propri\u00e9t\u00e9 Intellectuelle&nbsp;<a href=\"https:\/\/www.webexpress.fr\/actualite\/focus\/modele-de-mentions-legales-complet-et-gratuit\/#fnref-7013-9\"><\/a><\/li><li>Loi n\u00b0 78-87 du 6 janvier 1978, modifi\u00e9e par la loi n\u00b0 2004-801 du 6 ao\u00fbt 2004, relative \u00e0 l\u2019informatique, aux fichiers et aux libert\u00e9s&nbsp;<a href=\"https:\/\/www.webexpress.fr\/actualite\/focus\/modele-de-mentions-legales-complet-et-gratuit\/#fnref-7013-5\"><\/a><\/li><li>Articles 38 et suivants de la loi 78-17 du 6 janvier 1978 relative \u00e0 l\u2019informatique, aux fichiers et aux libert\u00e9s&nbsp;<a href=\"https:\/\/www.webexpress.fr\/actualite\/focus\/modele-de-mentions-legales-complet-et-gratuit\/#fnref-7013-7\"><\/a><\/li><li>Loi du 1er juillet 1998 transposant la directive 96\/9 du 11 mars 1996 relative \u00e0 la protection juridique des bases de donn\u00e9es&nbsp;<a href=\"https:\/\/www.webexpress.fr\/actualite\/focus\/modele-de-mentions-legales-complet-et-gratuit\/#fnref-7013-8\"><\/a><\/li><li>Loi n\u00b0 2004-801 du 6 ao\u00fbt 2004&nbsp;<a href=\"https:\/\/www.webexpress.fr\/actualite\/focus\/modele-de-mentions-legales-complet-et-gratuit\/#fnref-7013-6\"><\/a><\/li><li>Article 6 de la <a href=\"https:\/\/www.legifrance.gouv.fr\/affichTexte.do?cidTexte=JORFTEXT000000801164&amp;dateTexte=20160619\">loi n\u00b0 2004-575 du 21 juin 2004<\/a> pour la confiance dans l\u2019\u00e9conomie num\u00e9rique&nbsp;<a href=\"https:\/\/www.webexpress.fr\/actualite\/focus\/modele-de-mentions-legales-complet-et-gratuit\/#fnref-7013-4\"><\/a><\/li><\/ol>","protected":false},"excerpt":{"rendered":"<p>Identit\u00e9 Nom du site web : https:\/\/whisperingdoors.com\/Adresse : https:\/\/whisperingdoors.com\/Propri\u00e9taire : Brigitte Verguet (N\u00b0 SIRET : 89271213400014), Saint Canadet, 13610 Le Puy ste Reparade &#8211; +33 (0)6 51 26 82 98 &#8211; elaine.dahl(arobase)whisperingdoors.comResponsable de publication : Thomas Verguet | Contacter\u2026 Conception et r\u00e9alisation : Thomas VerguetAnimation : Thomas VerguetH\u00e9bergement : OVH, SAS au capital de 10 &hellip;<\/p>\n<p class=\"read-more\"> <a class=\"\" href=\"https:\/\/whisperingdoors.com\/store\/fr\/legal-notice\/\"> <span class=\"screen-reader-text\">Mentions L\u00e9gales<\/span> Lire la suite\u00a0\u00bb<\/a><\/p>","protected":false},"author":1,"featured_media":0,"parent":0,"menu_order":0,"comment_status":"closed","ping_status":"closed","template":"","meta":[],"_links":{"self":[{"href":"https:\/\/whisperingdoors.com\/store\/fr\/wp-json\/wp\/v2\/pages\/80"}],"collection":[{"href":"https:\/\/whisperingdoors.com\/store\/fr\/wp-json\/wp\/v2\/pages"}],"about":[{"href":"https:\/\/whisperingdoors.com\/store\/fr\/wp-json\/wp\/v2\/types\/page"}],"author":[{"embeddable":true,"href":"https:\/\/whisperingdoors.com\/store\/fr\/wp-json\/wp\/v2\/users\/1"}],"replies":[{"embeddable":true,"href":"https:\/\/whisperingdoors.com\/store\/fr\/wp-json\/wp\/v2\/comments?post=80"}],"version-history":[{"count":3,"href":"https:\/\/whisperingdoors.com\/store\/fr\/wp-json\/wp\/v2\/pages\/80\/revisions"}],"predecessor-version":[{"id":191,"href":"https:\/\/whisperingdoors.com\/store\/fr\/wp-json\/wp\/v2\/pages\/80\/revisions\/191"}],"wp:attachment":[{"href":"https:\/\/whisperingdoors.com\/store\/fr\/wp-json\/wp\/v2\/media?parent=80"}],"curies":[{"name":"wp","href":"https:\/\/api.w.org\/{rel}","templated":true}]}}