{"id":60,"date":"2021-02-06T09:40:21","date_gmt":"2021-02-06T09:40:21","guid":{"rendered":"https:\/\/whisperingdoors.com\/store\/?post_type=product&#038;p=60"},"modified":"2024-11-22T09:15:43","modified_gmt":"2024-11-22T09:15:43","slug":"les-gens-de-roquebrune-elaine-dahl","status":"publish","type":"product","link":"https:\/\/whisperingdoors.com\/store\/fr\/produit\/les-gens-de-roquebrune-elaine-dahl\/","title":{"rendered":"Les Gens de Roquebrune \u2013 Tome 1\/2 \u2013 Elaine Dahl \u2013 434 pages \u2013 broch\u00e9 grand format (carte \u00e0 l'int\u00e9rieur)"},"content":{"rendered":"<p><strong>\u00c0 propos de l\u2019auteur<\/strong><\/p>\n<p>Elaine Dahl est n\u00e9e quelque part, il y a de nombreuses ann\u00e9es. Elle vit loin de la ville et de son agitation, dans un petit coin de campagne propice \u00e0 l\u2019imagination.<br \/>\nPassionn\u00e9e de lecture depuis son plus jeune \u00e2ge, Elaine d\u00e9vore toutes sortes de romans avant de se d\u00e9couvrir une pr\u00e9dilection pour la litt\u00e9rature fantastique. D\u2019abord attir\u00e9e par la science-fiction, elle p\u00e9n\u00e8tre dans l\u2019univers de la fantasy avec \"Le Seigneur des Anneaux\" de J.R.R. Tolkien. Une porte s\u2019est ouverte, elle ne se refermera plus\u2026<br \/>\nCependant, lire n\u2019est pas \u00e9crire. Et ce n\u2019est que des ann\u00e9es plus tard qu\u2019Elaine se d\u00e9cide \u00e0 franchir le pas en s\u2019inscrivant \u00e0 un atelier d\u2019\u00e9criture. D\u00e8s lors, elle compose des po\u00e8mes qu\u2019elle r\u00e9unit au sein d\u2019un recueil : \"Au fil des saisons et du temps\" (\u00c9dilivre, 2013). Elle \u00e9crit des nouvelles, dont l\u2019une est s\u00e9lectionn\u00e9e et para\u00eet dans un fanzine qu\u00e9b\u00e9cois : \"Mortelle angoisse\" (Horrifique n\u00b089, 2013). Elle publie son premier roman de fantasy : \"Les Peuples Oubli\u00e9s\" (Les \u00c9ditions Numeriklivres, 2016).<\/p>\n<p>&nbsp;<\/p>","protected":false},"excerpt":{"rendered":"<p>&nbsp;<\/p>\n<p><strong>Des meurtres,<\/strong><\/p>\n<p><strong>Un complot,<\/strong><\/p>\n<p><strong>De la magie\u2026 <\/strong><\/p>\n<p>&nbsp;<\/p>\n<p>Les guerres contre le voisin krell ne sont plus qu\u2019un lointain souvenir pour les habitants du royaume de Cyr\u00e9nie. Au manoir de Roquebrune, les jours s\u2019\u00e9coulent\u00a0 paisiblement.<\/p>\n<p>Le comte dirige le domaine et ses gens avec une autorit\u00e9 bienveillante, laissant Galien mener une vie insouciante et libre. A\u00e9lis, en revanche, se voit imposer un mariage dont elle ne veut pas. Initi\u00e9e \u00e0 la magie divinatoire par sa tante, la jeune fille d\u00e9livre un funeste oracle \u00e0 sa famille. Personne ne la croit, et pourtant\u2026<\/p>\n<p>\u2026 Le comte meurt. De fid\u00e8les serviteurs sont tu\u00e9s. A\u00e9lis s\u2019est volatilis\u00e9e. Galien se lance dans une qu\u00eate pour retrouver sa s\u0153ur et venger les disparus. Avec le soutien d\u2019amis et d\u2019alli\u00e9s inattendus, il devra d\u00e9jouer les nombreuses emb\u00fbches qui jalonneront son chemin. Car de sa r\u00e9ussite d\u00e9pend le destin des gens de Roquebrune.<\/p>\n<p>&nbsp;<\/p>","protected":false},"featured_media":67,"comment_status":"open","ping_status":"closed","template":"","meta":[],"_links":{"self":[{"href":"https:\/\/whisperingdoors.com\/store\/fr\/wp-json\/wp\/v2\/product\/60"}],"collection":[{"href":"https:\/\/whisperingdoors.com\/store\/fr\/wp-json\/wp\/v2\/product"}],"about":[{"href":"https:\/\/whisperingdoors.com\/store\/fr\/wp-json\/wp\/v2\/types\/product"}],"replies":[{"embeddable":true,"href":"https:\/\/whisperingdoors.com\/store\/fr\/wp-json\/wp\/v2\/comments?post=60"}],"wp:featuredmedia":[{"embeddable":true,"href":"https:\/\/whisperingdoors.com\/store\/fr\/wp-json\/wp\/v2\/media\/67"}],"wp:attachment":[{"href":"https:\/\/whisperingdoors.com\/store\/fr\/wp-json\/wp\/v2\/media?parent=60"}],"curies":[{"name":"wp","href":"https:\/\/api.w.org\/{rel}","templated":true}]}}